{"id":1687,"date":"2024-06-26T15:30:16","date_gmt":"2024-06-26T13:30:16","guid":{"rendered":"https:\/\/www.amenokosuccess.com\/?page_id=1687"},"modified":"2024-06-26T15:58:45","modified_gmt":"2024-06-26T13:58:45","slug":"mentions-legales","status":"publish","type":"page","link":"https:\/\/www.amenokosuccess.com\/index.php\/mentions-legales\/","title":{"rendered":"Mentions l\u00e9gales"},"content":{"rendered":"\n<p><strong>D\u00e9nomination sociale :<\/strong> Amenoko Success<br><strong>Forme juridique :<\/strong> Soci\u00e9t\u00e9 par actions simplifi\u00e9e (SAS)<br><strong>Capital social :<\/strong> 2 500,00 euros<br><strong>Adresse du si\u00e8ge social :<\/strong> 61 rue de Lyon, 75012 Paris<br><strong>Num\u00e9ro d\u2019immatriculation au RCS :<\/strong> 928 725 126 R.C.S. Paris<br><strong>Num\u00e9ro de TVA intracommunautaire :<\/strong> FR61928725126<\/p>\n\n\n\n<p><strong>H\u00e9bergement du site :<br><\/strong>amenokosuccess.com est h\u00e9berg\u00e9 chez :<br>OVH<br>SAS au capital de 50 000 000 \u20ac<br>RCS Roubaix \u2013 Tourcoing 424 761 419 00045<br>Code APE 6202A<br>N\u00b0 TVA : FR 22 424 761 419<br>Si\u00e8ge social : 2 rue Kellermann \u2013 59100 Roubaix \u2013 France.<br>Directeur de la publication : Xavier DUFILH<\/p>\n\n\n\n<p><strong>Propri\u00e9t\u00e9 intellectuelle :<br><\/strong>Le contenu de ce site, incluant sans s&#8217;y limiter les textes, graphismes, images et vid\u00e9os, est la propri\u00e9t\u00e9 exclusive de Amenoko Success, sauf mention contraire. Toute reproduction, modification, distribution ou publication de ces \u00e9l\u00e9ments est strictement interdite sans l&#8217;accord pr\u00e9alable \u00e9crit de Amenoko Success.<\/p>\n\n\n\n<p><strong>Confidentialit\u00e9 :<br><\/strong>Conform\u00e9ment \u00e0 la l\u00e9gislation en vigueur, Amenoko Success respecte la confidentialit\u00e9 des donn\u00e9es personnelles de ses utilisateurs et s&#8217;engage \u00e0 ne pas divulguer ces informations \u00e0 des tiers sans consentement explicite. Les utilisateurs disposent d&#8217;un droit d&#8217;acc\u00e8s, de modification, de rectification et de suppression des donn\u00e9es qui les concernent, qu&#8217;ils peuvent exercer en contactant le service client \u00e0 contact@amenokosuccess.com.<\/p>\n\n\n\n<p><strong>Cookies :<br><\/strong>Le site Amenoko Success utilise des cookies pour am\u00e9liorer l&#8217;exp\u00e9rience utilisateur et pour r\u00e9aliser des statistiques de visite. Les utilisateurs peuvent d\u00e9sactiver l&#8217;utilisation des cookies \u00e0 travers les options de leur navigateur web.<\/p>\n","protected":false},"excerpt":{"rendered":"<p>D\u00e9nomination sociale : Amenoko SuccessForme juridique : Soci\u00e9t\u00e9 par actions simplifi\u00e9e (SAS)Capital social : 2 500,00 eurosAdresse du si\u00e8ge social : 61 rue de Lyon, 75012 ParisNum\u00e9ro d\u2019immatriculation au RCS : 928 725 126 R.C.S. ParisNum\u00e9ro de TVA intracommunautaire : FR61928725126 H\u00e9bergement du site :amenokosuccess.com est h\u00e9berg\u00e9 chez :OVHSAS au capital de 50 000 000 \u20acRCS Roubaix \u2013 Tourcoing 424<\/p>\n","protected":false},"author":1,"featured_media":0,"parent":0,"menu_order":0,"comment_status":"closed","ping_status":"closed","template":"","meta":{"footnotes":""},"class_list":["post-1687","page","type-page","status-publish","hentry"],"_links":{"self":[{"href":"https:\/\/www.amenokosuccess.com\/index.php\/wp-json\/wp\/v2\/pages\/1687","targetHints":{"allow":["GET"]}}],"collection":[{"href":"https:\/\/www.amenokosuccess.com\/index.php\/wp-json\/wp\/v2\/pages"}],"about":[{"href":"https:\/\/www.amenokosuccess.com\/index.php\/wp-json\/wp\/v2\/types\/page"}],"author":[{"embeddable":true,"href":"https:\/\/www.amenokosuccess.com\/index.php\/wp-json\/wp\/v2\/users\/1"}],"replies":[{"embeddable":true,"href":"https:\/\/www.amenokosuccess.com\/index.php\/wp-json\/wp\/v2\/comments?post=1687"}],"version-history":[{"count":2,"href":"https:\/\/www.amenokosuccess.com\/index.php\/wp-json\/wp\/v2\/pages\/1687\/revisions"}],"predecessor-version":[{"id":1713,"href":"https:\/\/www.amenokosuccess.com\/index.php\/wp-json\/wp\/v2\/pages\/1687\/revisions\/1713"}],"wp:attachment":[{"href":"https:\/\/www.amenokosuccess.com\/index.php\/wp-json\/wp\/v2\/media?parent=1687"}],"curies":[{"name":"wp","href":"https:\/\/api.w.org\/{rel}","templated":true}]}}